{"id":1766,"date":"2019-10-29T12:39:02","date_gmt":"2019-10-29T10:39:02","guid":{"rendered":"http:\/\/www.bogen-schlangenbad.de\/?page_id=1766"},"modified":"2019-12-07T19:58:26","modified_gmt":"2019-12-07T18:58:26","slug":"kosten","status":"publish","type":"page","link":"https:\/\/www.bogen-schlangenbad.de\/index.php\/kosten\/","title":{"rendered":"Mitgliedschaft und Kosten"},"content":{"rendered":"\n<p>Die Mitgliedschaft in der Bogenabteilung ist fest gebunden an die Mitgliedschaft im TSV Schlangenbad-Georgenborn. Bei bereits bestehenden Mitgiedschaft ist eine kurze Information ausreichend. Wenn noch keine Mitgliedsachft besteht, so kann diese hier abgeschlossen werden.<\/p>\n\n\n\n<h1 class=\"wp-block-heading\">Leistungen<\/h1>\n\n\n\n<p>Im Rahmen der Mitgliedschaft in der Bogenabteilung haben Sie Zugriff auf folgende Leistungen:<\/p>\n\n\n\n<ul class=\"wp-block-list\"><li>Teilnahme an den Training<\/li><li>freie Nutzung der Au\u00dfenanlage zu beliebiger Zeit (au\u00dfer bei Training oder Veranstaltungen des TSV)<\/li><li>Nutzung der Halle zu den verf\u00fcgbaren Trainingszeiten<\/li><li>Nutzung von FITA Auflagen in einem normalen Umfang (zus\u00e4tzliche 80er und 120er Auflagen gegen Selbstkosten von 1\u20ac bzw. 2\u20ac)<\/li><\/ul>\n\n\n\n<p>Die aktuellen Beitr\u00e4ge und ein Mitgliedsantrag finden Sie hier: <a href=\"https:\/\/www.tsv-schlangenbad.de\/verein\/mitglied-werden\/\">Mitgiedsantrag<\/a><\/p>\n\n\n\n<p>Die Kosten f\u00fcr die Mitgliedschaft in der Bogenabteilung teilt sich in verschiedene Bereich auf.<\/p>\n\n\n\n<h1 class=\"wp-block-heading\">Mitgliedsbeitrag des TSV<\/h1>\n\n\n\n<p>Mit dem normalen Mitgliedsbeitrag des TSV wird das Traning und die grunds\u00e4tzliche Nutzung der Halle und der Au\u00dfenanlage bezahlt.<br>Ebenfalls im Beitrag enthalten sind die Startgelder f\u00fcr Tuniere des DSB \/ HSV wie Bezirks-, Landes- oder Deutsche Meisterschaften.<br>Der Mitgliedsbeitrag wird in zwei Raten einmal im Fr\u00fchjahr und einmal im Herbst per Einzugsverfahren f\u00e4llig.<\/p>\n\n\n\n<h1 class=\"wp-block-heading\">Abteilungsbeitrag<\/h1>\n\n\n\n<p>F\u00fcr die Beschaffung, Reparatur oder abteilungsspezifische Kosten erheben wir von allen vollj\u00e4hrigen Mitgliedern ab dem 2ten Jahr der Mitgliedschaft ein Scheibengeld in H\u00f6he von 20\u20ac pro Jahr. Dieses Geld wird von der Abteilung eingesammelt.<\/p>\n\n\n\n<h1 class=\"wp-block-heading\">Sonstige Kosten \/ G\u00e4stekosten<\/h1>\n\n\n\n<p>F\u00fcr Mitglieder der Abteilung fallen ansonsten keine weiteren Kosten an. Nicht-Mitglieder haben die M\u00f6glichkeit die Anlage zu nutzen. So haben wir z.B. immer wieder Kurg\u00e4ste aus Schlangenbad, aber auch sonstige Urlaubsg\u00e4ste oder G\u00e4ste eines Abteilungsmitglieds.<br>Aus Versicherungsgr\u00fcnden d\u00fcrfen nur G\u00e4ste auf die Anlage, die Mitglied in einem Sport- oder Sch\u00fctzenverein in Deutschland und Teil des Deutschen Sch\u00fctzenbundes sind.<\/p>\n\n\n\n<p>F\u00fcr diese G\u00e4ste fallen folgende Kosten bei der Benutzung der Anlage an:<\/p>\n\n\n\n<p>Tagesnutzung: 4\u20ac pro Person und Tag<br>Dauernutzung: 20\u20ac pro Person und Monat (30 Tage)<\/p>\n","protected":false},"excerpt":{"rendered":"<p>Die Mitgliedschaft in der Bogenabteilung ist fest gebunden an die Mitgliedschaft im TSV Schlangenbad-Georgenborn. Bei bereits bestehenden Mitgiedschaft ist eine kurze Information ausreichend. Wenn noch keine Mitgliedsachft besteht, so kann diese hier abgeschlossen werden. Leistungen Im Rahmen der Mitgliedschaft in der Bogenabteilung haben Sie Zugriff auf folgende Leistungen: Teilnahme an den Training freie Nutzung der&hellip;<\/p>\n","protected":false},"author":2,"featured_media":0,"parent":0,"menu_order":0,"comment_status":"closed","ping_status":"closed","template":"","meta":{"footnotes":""},"class_list":["post-1766","page","type-page","status-publish","hentry","description-off"],"_links":{"self":[{"href":"https:\/\/www.bogen-schlangenbad.de\/index.php\/wp-json\/wp\/v2\/pages\/1766","targetHints":{"allow":["GET"]}}],"collection":[{"href":"https:\/\/www.bogen-schlangenbad.de\/index.php\/wp-json\/wp\/v2\/pages"}],"about":[{"href":"https:\/\/www.bogen-schlangenbad.de\/index.php\/wp-json\/wp\/v2\/types\/page"}],"author":[{"embeddable":true,"href":"https:\/\/www.bogen-schlangenbad.de\/index.php\/wp-json\/wp\/v2\/users\/2"}],"replies":[{"embeddable":true,"href":"https:\/\/www.bogen-schlangenbad.de\/index.php\/wp-json\/wp\/v2\/comments?post=1766"}],"version-history":[{"count":5,"href":"https:\/\/www.bogen-schlangenbad.de\/index.php\/wp-json\/wp\/v2\/pages\/1766\/revisions"}],"predecessor-version":[{"id":2378,"href":"https:\/\/www.bogen-schlangenbad.de\/index.php\/wp-json\/wp\/v2\/pages\/1766\/revisions\/2378"}],"wp:attachment":[{"href":"https:\/\/www.bogen-schlangenbad.de\/index.php\/wp-json\/wp\/v2\/media?parent=1766"}],"curies":[{"name":"wp","href":"https:\/\/api.w.org\/{rel}","templated":true}]}}