{"id":1878,"date":"2019-10-31T19:02:36","date_gmt":"2019-10-31T17:02:36","guid":{"rendered":"http:\/\/www.bogen-schlangenbad.de\/?page_id=1878"},"modified":"2019-11-06T13:19:09","modified_gmt":"2019-11-06T12:19:09","slug":"lokationen","status":"publish","type":"page","link":"https:\/\/www.bogen-schlangenbad.de\/index.php\/lokationen\/","title":{"rendered":"Lokationen"},"content":{"rendered":"\n<h1 class=\"wp-block-heading\">Au\u00dfengel\u00e4nde<\/h1>\n\n\n\n<p><a class=\"dt-pswp-item\" href=\"http:\/\/www.bogen-schlangenbad.de\/wp-content\/uploads\/2019\/11\/Bogenplatz.image_.jpg\" data-dt-img-description=\"\" data-large_image_width=\"915\" data-large_image_height=\"687\"><img loading=\"lazy\" decoding=\"async\" class=\"wp-image-2067 alignright\" src=\"http:\/\/www.bogen-schlangenbad.de\/wp-content\/uploads\/2019\/11\/Bogenplatz.image_.jpg\" alt=\"\" width=\"180\" height=\"135\" srcset=\"https:\/\/www.bogen-schlangenbad.de\/wp-content\/uploads\/2019\/11\/Bogenplatz.image_.jpg 915w, https:\/\/www.bogen-schlangenbad.de\/wp-content\/uploads\/2019\/11\/Bogenplatz.image_-300x225.jpg 300w, https:\/\/www.bogen-schlangenbad.de\/wp-content\/uploads\/2019\/11\/Bogenplatz.image_-768x577.jpg 768w\" sizes=\"auto, (max-width: 180px) 100vw, 180px\" \/><\/a>Das Trainingsgel\u00e4nde befindet sich s\u00fcd-\u00f6stlich von Georgenborn direkt am Ortsrand. Als Adresse kann Triefenbergweg Ecke Am Langenmorgen in Schlangenbad-Georgenborn eingegeben werden.<br>W\u00e4hrend der Trainingszeiten kann die Toilette in der Grillh\u00fctte verwendet werden.<\/p>\n\n\n\n<p><p>Die Au\u00dfenanlage kann unter Einhaltung der Platzordnung grunds\u00e4tzlich das ganze Jahr genutzt werden.<\/p>\n<p>&nbsp;<\/p><\/p>\n\n\n\n<h1 class=\"wp-block-heading\">Halle<\/h1>\n\n\n\n<p><a class=\"dt-pswp-item\" href=\"http:\/\/www.bogen-schlangenbad.de\/wp-content\/uploads\/2019\/11\/halle.image_.jpg\" data-dt-img-description=\"\" data-large_image_width=\"760\" data-large_image_height=\"590\"><img loading=\"lazy\" decoding=\"async\" class=\"wp-image-2069 alignright\" src=\"http:\/\/www.bogen-schlangenbad.de\/wp-content\/uploads\/2019\/11\/halle.image_.jpg\" alt=\"\" width=\"177\" height=\"137\" srcset=\"https:\/\/www.bogen-schlangenbad.de\/wp-content\/uploads\/2019\/11\/halle.image_.jpg 760w, https:\/\/www.bogen-schlangenbad.de\/wp-content\/uploads\/2019\/11\/halle.image_-300x233.jpg 300w\" sizes=\"auto, (max-width: 177px) 100vw, 177px\" \/><\/a>Von der Gemeinde Schlangenbad-Georgenborn wird dem TSV eine Halle zur Verf\u00fcgung gestellt. Die Halle befindet sich am Triefenbergweg 42 in Schlangenbad-Georgenborn.<\/p>\n\n\n\n<p><p>Die Halle wird vor Allem in der Zeit von Oktober bis April benutzt. In der \u00dcbergangszeit kann bei entsprechendem Wetter auch auf die Au\u00dfenanlage gewechselt werden.<\/p>\n<p>&nbsp;<\/p>\n<p>&nbsp;<\/p><\/p>\n\n\n\n<h1 class=\"wp-block-heading\">Sportplatz und Grillh\u00fctte<\/h1>\n\n\n\n<p><a class=\"dt-pswp-item\" href=\"http:\/\/www.bogen-schlangenbad.de\/wp-content\/uploads\/2019\/11\/Sportplatz.image_.jpg\" data-dt-img-description=\"\" data-large_image_width=\"554\" data-large_image_height=\"550\"><img loading=\"lazy\" decoding=\"async\" class=\"wp-image-2070 alignright\" src=\"http:\/\/www.bogen-schlangenbad.de\/wp-content\/uploads\/2019\/11\/Sportplatz.image_.jpg\" alt=\"\" width=\"172\" height=\"171\" srcset=\"https:\/\/www.bogen-schlangenbad.de\/wp-content\/uploads\/2019\/11\/Sportplatz.image_.jpg 554w, https:\/\/www.bogen-schlangenbad.de\/wp-content\/uploads\/2019\/11\/Sportplatz.image_-150x150.jpg 150w, https:\/\/www.bogen-schlangenbad.de\/wp-content\/uploads\/2019\/11\/Sportplatz.image_-300x300.jpg 300w\" sizes=\"auto, (max-width: 172px) 100vw, 172px\" \/><\/a>Zwischen Au\u00dfengel\u00e4nde und Halle befindet sich der Sportplatz des TSV und die Grillh\u00fctte. Beides kann bei Veranstaltungen nach Voranmeldung genutzt werden. Hier kann die Halle als Adresse eingegeben werden.<br>Die Grillh\u00fctte hat neben dem obligatorischen Grill auch eine kleine K\u00fcche mit Wasseranschlu\u00df und zwei Toiletten. Die Toiletten k\u00f6nnen w\u00e4hrend Veranstaltungen und dem Training verwendet werden.<\/p>\n\n\n\n<figure class=\"wp-block-image\"><\/figure>\n\n\n\n<p><p>&nbsp;<\/p>\n<p>&nbsp;<\/p>\n<p>&nbsp;<\/p><\/p>\n\n\n<h1>Impressionen<\/h1>","protected":false},"excerpt":{"rendered":"<p>Au\u00dfengel\u00e4nde Das Trainingsgel\u00e4nde befindet sich s\u00fcd-\u00f6stlich von Georgenborn direkt am Ortsrand. Als Adresse kann Triefenbergweg Ecke Am Langenmorgen in Schlangenbad-Georgenborn eingegeben werden.W\u00e4hrend der Trainingszeiten kann die Toilette in der Grillh\u00fctte verwendet werden. Die Au\u00dfenanlage kann unter Einhaltung der Platzordnung grunds\u00e4tzlich das ganze Jahr genutzt werden. &nbsp; Halle Von der Gemeinde Schlangenbad-Georgenborn wird dem TSV eine&hellip;<\/p>\n","protected":false},"author":2,"featured_media":0,"parent":0,"menu_order":0,"comment_status":"closed","ping_status":"closed","template":"template-media-jgrid.php","meta":{"footnotes":""},"class_list":["post-1878","page","type-page","status-publish","hentry","description-off"],"_links":{"self":[{"href":"https:\/\/www.bogen-schlangenbad.de\/index.php\/wp-json\/wp\/v2\/pages\/1878","targetHints":{"allow":["GET"]}}],"collection":[{"href":"https:\/\/www.bogen-schlangenbad.de\/index.php\/wp-json\/wp\/v2\/pages"}],"about":[{"href":"https:\/\/www.bogen-schlangenbad.de\/index.php\/wp-json\/wp\/v2\/types\/page"}],"author":[{"embeddable":true,"href":"https:\/\/www.bogen-schlangenbad.de\/index.php\/wp-json\/wp\/v2\/users\/2"}],"replies":[{"embeddable":true,"href":"https:\/\/www.bogen-schlangenbad.de\/index.php\/wp-json\/wp\/v2\/comments?post=1878"}],"version-history":[{"count":9,"href":"https:\/\/www.bogen-schlangenbad.de\/index.php\/wp-json\/wp\/v2\/pages\/1878\/revisions"}],"predecessor-version":[{"id":2204,"href":"https:\/\/www.bogen-schlangenbad.de\/index.php\/wp-json\/wp\/v2\/pages\/1878\/revisions\/2204"}],"wp:attachment":[{"href":"https:\/\/www.bogen-schlangenbad.de\/index.php\/wp-json\/wp\/v2\/media?parent=1878"}],"curies":[{"name":"wp","href":"https:\/\/api.w.org\/{rel}","templated":true}]}}