{"id":2225,"date":"2019-11-29T15:09:32","date_gmt":"2019-11-29T14:09:32","guid":{"rendered":"http:\/\/www.bogen-schlangenbad.de\/?page_id=2225"},"modified":"2019-11-29T15:33:15","modified_gmt":"2019-11-29T14:33:15","slug":"team","status":"publish","type":"page","link":"https:\/\/www.bogen-schlangenbad.de\/index.php\/team\/","title":{"rendered":"Team"},"content":{"rendered":"\n<p>Das Team der Bogenabteilung des TSV!<\/p>\n\n\n\n<p>Aktuell haben wir verschiedene Teammitglieder, die \u00fcberwiegend \u00fcber den Hessischen Sch\u00fctzenverband ausgebildet sind. Details zur Ausbildungsstruktur f\u00fcr Trainer k\u00f6nnen&nbsp;<a href=\"https:\/\/hessischer-schuetzenverband.de\/Bildung\/Ausbildungsstruktur.aspx\">hier&nbsp;<\/a>entnommen werden.<\/p>\n","protected":false},"excerpt":{"rendered":"<p>Das Team der Bogenabteilung des TSV! Aktuell haben wir verschiedene Teammitglieder, die \u00fcberwiegend \u00fcber den Hessischen Sch\u00fctzenverband ausgebildet sind. Details zur Ausbildungsstruktur f\u00fcr Trainer k\u00f6nnen&nbsp;hier&nbsp;entnommen werden.<\/p>\n","protected":false},"author":2,"featured_media":0,"parent":0,"menu_order":0,"comment_status":"closed","ping_status":"closed","template":"template-team.php","meta":{"footnotes":""},"class_list":["post-2225","page","type-page","status-publish","hentry","description-off"],"_links":{"self":[{"href":"https:\/\/www.bogen-schlangenbad.de\/index.php\/wp-json\/wp\/v2\/pages\/2225","targetHints":{"allow":["GET"]}}],"collection":[{"href":"https:\/\/www.bogen-schlangenbad.de\/index.php\/wp-json\/wp\/v2\/pages"}],"about":[{"href":"https:\/\/www.bogen-schlangenbad.de\/index.php\/wp-json\/wp\/v2\/types\/page"}],"author":[{"embeddable":true,"href":"https:\/\/www.bogen-schlangenbad.de\/index.php\/wp-json\/wp\/v2\/users\/2"}],"replies":[{"embeddable":true,"href":"https:\/\/www.bogen-schlangenbad.de\/index.php\/wp-json\/wp\/v2\/comments?post=2225"}],"version-history":[{"count":12,"href":"https:\/\/www.bogen-schlangenbad.de\/index.php\/wp-json\/wp\/v2\/pages\/2225\/revisions"}],"predecessor-version":[{"id":2371,"href":"https:\/\/www.bogen-schlangenbad.de\/index.php\/wp-json\/wp\/v2\/pages\/2225\/revisions\/2371"}],"wp:attachment":[{"href":"https:\/\/www.bogen-schlangenbad.de\/index.php\/wp-json\/wp\/v2\/media?parent=2225"}],"curies":[{"name":"wp","href":"https:\/\/api.w.org\/{rel}","templated":true}]}}