{"id":2609,"date":"2026-04-05T12:38:52","date_gmt":"2026-04-05T11:38:52","guid":{"rendered":"https:\/\/www.bogen-schlangenbad.de\/?page_id=2609"},"modified":"2026-04-05T13:25:00","modified_gmt":"2026-04-05T12:25:00","slug":"rahmenplanung","status":"publish","type":"page","link":"https:\/\/www.bogen-schlangenbad.de\/index.php\/rahmenplanung\/","title":{"rendered":"Rahmenplanung"},"content":{"rendered":"\n<p>Um den Trainingsablauf transparenter und planbarer zu gestalten, haben wir eine Rahmenplanung begonnen. Diese wird in den kommenden Monaten weiter ausgearbeitet und verfeinert. Diese Rahmenplanung soll am Ende f\u00fcr das komplette Jahr eine allgemeine \u00dcbersicht \u00fcber die Themeninhalte darstellen.<\/p>\n\n\n\n<p>Zu dieser Rahmenplanung geh\u00f6rt auch eine Beschreibung der allgemeinen Ausrichtung der Bogenabteilung. Dazu sei auf das folgende Dokument <a href=\"https:\/\/www.bogen-schlangenbad.de\/wp-content\/uploads\/2026\/04\/Rahmenplanung-Bogen.pdf\" data-type=\"attachment\" data-id=\"2604\">Rahmenplanung Bogen<\/a> verwiesen.<\/p>\n\n\n\n<p>Da jeder Sch\u00fctze ein Individuum darstellt und individuell entwickelt und gef\u00f6rdert werden will, ist die Rahmenplanung nur eine Orientierung um muss f\u00fcr jeden Sch\u00fctzen angepasst werden. Au\u00dferdem ist es uns wichtig die verschiedenen Facetten vom Bogenschie\u00dfen abbilden zu k\u00f6nnen und zu wollen. Das bedeutet auch, dass wir Anf\u00e4nger und Hobbysch\u00fctzen unterst\u00fctzen und f\u00f6rdern, aber auch ambitinierte Sch\u00fctzen entwickeln wollen.<\/p>\n\n\n\n<p>Hier ist die <a href=\"https:\/\/www.bogen-schlangenbad.de\/wp-content\/uploads\/2026\/04\/Jahresplanung-2026.pdf\" data-type=\"attachment\" data-id=\"2605\">Gesamt\u00fcbersicht f\u00fcr das Jahr 2026<\/a> &#8211; mit den wesentlichen Eckdaten (Bogenturniere HSV\/DSB). Diese teilt sich dann auf in die verschiedenen Quartale:<\/p>\n\n\n\n<p>Q1\/2026 \u00dcbersicht und Q1\/2026 Liste<\/p>\n\n\n\n<p><a href=\"https:\/\/www.bogen-schlangenbad.de\/wp-content\/uploads\/2026\/04\/Jahresplanung-2026-Q2-Uebersicht.pdf\" data-type=\"attachment\" data-id=\"2607\">Q2\/2026 \u00dcbersicht <\/a>und <a href=\"https:\/\/www.bogen-schlangenbad.de\/wp-content\/uploads\/2026\/04\/Jahresplanung-2026-Q2-Liste.pdf\" data-type=\"attachment\" data-id=\"2606\">Q2\/2026 Liste<\/a><\/p>\n\n\n\n<p>Q3\/2026 \u00dcbersicht und Q3\/2026 Liste<\/p>\n\n\n\n<p>Q4\/2026 \u00dcbersicht und Q4\/2026 Liste<\/p>\n\n\n\n<p>Das erfordert eine gewisse Flexibilit\u00e4t von allen beteiligten Personen und Betreuern &#8211; aber diese Herausforderung nehmen wir sehr gerne an!<\/p>\n\n\n\n<p>Wir freuen uns auf eine gemeinsame Zukunft!<\/p>\n\n\n\n<p><\/p>\n","protected":false},"excerpt":{"rendered":"<p>Um den Trainingsablauf transparenter und planbarer zu gestalten, haben wir eine Rahmenplanung begonnen. Diese wird in den kommenden Monaten weiter ausgearbeitet und verfeinert. Diese Rahmenplanung soll am Ende f\u00fcr das komplette Jahr eine allgemeine \u00dcbersicht \u00fcber die Themeninhalte darstellen. Zu dieser Rahmenplanung geh\u00f6rt auch eine Beschreibung der allgemeinen Ausrichtung der Bogenabteilung. Dazu sei auf das&hellip;<\/p>\n","protected":false},"author":2,"featured_media":0,"parent":0,"menu_order":0,"comment_status":"closed","ping_status":"closed","template":"","meta":{"footnotes":""},"class_list":["post-2609","page","type-page","status-publish","hentry","description-off"],"_links":{"self":[{"href":"https:\/\/www.bogen-schlangenbad.de\/index.php\/wp-json\/wp\/v2\/pages\/2609","targetHints":{"allow":["GET"]}}],"collection":[{"href":"https:\/\/www.bogen-schlangenbad.de\/index.php\/wp-json\/wp\/v2\/pages"}],"about":[{"href":"https:\/\/www.bogen-schlangenbad.de\/index.php\/wp-json\/wp\/v2\/types\/page"}],"author":[{"embeddable":true,"href":"https:\/\/www.bogen-schlangenbad.de\/index.php\/wp-json\/wp\/v2\/users\/2"}],"replies":[{"embeddable":true,"href":"https:\/\/www.bogen-schlangenbad.de\/index.php\/wp-json\/wp\/v2\/comments?post=2609"}],"version-history":[{"count":4,"href":"https:\/\/www.bogen-schlangenbad.de\/index.php\/wp-json\/wp\/v2\/pages\/2609\/revisions"}],"predecessor-version":[{"id":2647,"href":"https:\/\/www.bogen-schlangenbad.de\/index.php\/wp-json\/wp\/v2\/pages\/2609\/revisions\/2647"}],"wp:attachment":[{"href":"https:\/\/www.bogen-schlangenbad.de\/index.php\/wp-json\/wp\/v2\/media?parent=2609"}],"curies":[{"name":"wp","href":"https:\/\/api.w.org\/{rel}","templated":true}]}}