{"id":32,"date":"2014-10-16T07:25:03","date_gmt":"2014-10-16T07:25:03","guid":{"rendered":"http:\/\/themecanon.com\/themes\/sport\/?page_id=32"},"modified":"2023-05-28T17:52:09","modified_gmt":"2023-05-28T16:52:09","slug":"home-1-ken-burns-slider","status":"publish","type":"page","link":"https:\/\/www.bogen-schlangenbad.de\/","title":{"rendered":"\u00dcber uns"},"content":{"rendered":"\n<div class=\"wp-block-themepunch-revslider revslider\" data-modal=\"false\" data-slidertitle=\"FullWidth\" style=\"\">\n\t\t\t<!-- START FullWidth REVOLUTION SLIDER 6.7.38 --><p class=\"rs-p-wp-fix\"><\/p>\n\t\t\t<rs-module-wrap id=\"rev_slider_1_1_wrapper\" data-source=\"gallery\" data-aimg=\"\"  style=\"visibility:hidden;background:#E9E9E9;padding:0;margin:0px auto;margin-top:0;margin-bottom:0;\">\n\t\t\t\t<rs-module id=\"rev_slider_1_1\" style=\"\" data-version=\"6.7.38\">\n\t\t\t\t\t<rs-slides style=\"overflow: hidden; position: absolute;\">\n\t\t\t\t\t\t<rs-slide style=\"position: absolute;\" data-key=\"rs-2\" data-title=\"Slide 1\" data-anim=\"adpr:false;\">\n\t\t\t\t\t\t\t<img decoding=\"async\" src=\"\/\/www.bogen-schlangenbad.de\/wp-content\/plugins\/revslider\/sr6\/assets\/assets\/dummy.png\" alt=\"\" title=\"\u00dcber uns\" class=\"rev-slidebg tp-rs-img rs-lazyload\" data-lazyload=\"\/\/www.bogen-schlangenbad.de\/wp-content\/uploads\/2016\/03\/bild1-1.jpg\" data-panzoom=\"d:9000;ss:100;se:120;\" data-no-retina>\n<!--\n\t\t\t\t\t\t\t--><rs-layer\n\t\t\t\t\t\t\t\tid=\"slider-1-slide-2-layer-1\" \n\t\t\t\t\t\t\t\tclass=\"Canon-Heading-1-2\"\n\t\t\t\t\t\t\t\tdata-type=\"text\"\n\t\t\t\t\t\t\t\tdata-color=\"rgba(255,255,255,1)\"\n\t\t\t\t\t\t\t\tdata-rsp_ch=\"on\"\n\t\t\t\t\t\t\t\tdata-xy=\"x:582px;y:163px;\"\n\t\t\t\t\t\t\t\tdata-text=\"s:42;l:44;fw:700;\"\n\t\t\t\t\t\t\t\tdata-padding=\"t:12;r:12;b:12;l:12;\"\n\t\t\t\t\t\t\t\tdata-border=\"bor:2px,2px,2px,2px;\"\n\t\t\t\t\t\t\t\tdata-frame_0=\"y:top;o:1;tp:600;\"\n\t\t\t\t\t\t\t\tdata-frame_1=\"tp:600;st:500;sp:950;\"\n\t\t\t\t\t\t\t\tdata-frame_999=\"o:0;tp:600;e:nothing;st:w;\"\n\t\t\t\t\t\t\t\tstyle=\"z-index:5;background-color:rgba(0,0,0,0.50);font-family:'Droid Serif';text-shadow:none;\"\n\t\t\t\t\t\t\t>Willkommen <br\/>\nbeim Bogensport des<br>TSV Schlangenbad \n\t\t\t\t\t\t\t<\/rs-layer><!--\n\n\t\t\t\t\t\t\t--><rs-layer\n\t\t\t\t\t\t\t\tid=\"slider-1-slide-2-layer-2\" \n\t\t\t\t\t\t\t\tclass=\"Canon-Text-1\"\n\t\t\t\t\t\t\t\tdata-type=\"text\"\n\t\t\t\t\t\t\t\tdata-color=\"rgba(255,255,255,1)\"\n\t\t\t\t\t\t\t\tdata-rsp_ch=\"on\"\n\t\t\t\t\t\t\t\tdata-xy=\"x:583px;y:416px;\"\n\t\t\t\t\t\t\t\tdata-text=\"s:36;l:28;fw:700;\"\n\t\t\t\t\t\t\t\tdata-padding=\"t:12;r:12;b:12;l:12;\"\n\t\t\t\t\t\t\t\tdata-border=\"bor:2px,2px,2px,2px;\"\n\t\t\t\t\t\t\t\tdata-frame_0=\"y:bottom;o:1;tp:600;\"\n\t\t\t\t\t\t\t\tdata-frame_1=\"tp:600;st:1500;sp:750;\"\n\t\t\t\t\t\t\t\tdata-frame_999=\"o:0;tp:600;e:nothing;st:w;\"\n\t\t\t\t\t\t\t\tstyle=\"z-index:6;background-color:rgba(0,0,0,0.50);font-family:'Arial';text-shadow:none;\"\n\t\t\t\t\t\t\t><span style=\"font-size: 100%; color: #ffba00;\">Alle ins Gold !<\/span> \n\t\t\t\t\t\t\t<\/rs-layer><!--\n-->\t\t\t\t\t<\/rs-slide>\n\t\t\t\t\t\t<rs-slide style=\"position: absolute;\" data-key=\"rs-1\" data-title=\"Slide 1\" data-anim=\"adpr:false;\">\n\t\t\t\t\t\t\t<img decoding=\"async\" src=\"\/\/www.bogen-schlangenbad.de\/wp-content\/plugins\/revslider\/sr6\/assets\/assets\/dummy.png\" alt=\"\" title=\"\u00dcber uns\" class=\"rev-slidebg tp-rs-img rs-lazyload\" data-lazyload=\"\/\/www.bogen-schlangenbad.de\/wp-content\/uploads\/2016\/03\/bild2-1.jpg\" data-panzoom=\"d:9000;ss:100;se:120;\" data-no-retina>\n<!--\n\t\t\t\t\t\t\t--><rs-layer\n\t\t\t\t\t\t\t\tid=\"slider-1-slide-1-layer-1\" \n\t\t\t\t\t\t\t\tclass=\"Canon-Heading-1-2\"\n\t\t\t\t\t\t\t\tdata-type=\"text\"\n\t\t\t\t\t\t\t\tdata-color=\"rgba(255,255,255,1)\"\n\t\t\t\t\t\t\t\tdata-rsp_ch=\"on\"\n\t\t\t\t\t\t\t\tdata-xy=\"y:112px;\"\n\t\t\t\t\t\t\t\tdata-text=\"s:48;l:50;\"\n\t\t\t\t\t\t\t\tdata-padding=\"t:12;r:12;b:12;l:12;\"\n\t\t\t\t\t\t\t\tdata-border=\"bor:2px,2px,2px,2px;\"\n\t\t\t\t\t\t\t\tdata-frame_0=\"sX:2;sY:2;tp:600;\"\n\t\t\t\t\t\t\t\tdata-frame_0_mask=\"u:t;\"\n\t\t\t\t\t\t\t\tdata-frame_1=\"tp:600;e:power2.out;st:500;sp:3000;\"\n\t\t\t\t\t\t\t\tdata-frame_1_mask=\"u:t;\"\n\t\t\t\t\t\t\t\tdata-frame_999=\"o:0;tp:600;e:nothing;st:w;\"\n\t\t\t\t\t\t\t\tstyle=\"z-index:5;background-color:rgba(0,0,0,0.50);font-family:'Quicksand';text-shadow:none;\"\n\t\t\t\t\t\t\t>Pr\u00e4zision\n \n\t\t\t\t\t\t\t<\/rs-layer><!--\n\n\t\t\t\t\t\t\t--><rs-layer\n\t\t\t\t\t\t\t\tid=\"slider-1-slide-1-layer-3\" \n\t\t\t\t\t\t\t\tdata-type=\"text\"\n\t\t\t\t\t\t\t\tdata-color=\"rgba(255,255,255,1)\"\n\t\t\t\t\t\t\t\tdata-rsp_ch=\"on\"\n\t\t\t\t\t\t\t\tdata-xy=\"x:1px;y:407px;\"\n\t\t\t\t\t\t\t\tdata-text=\"l:22;\"\n\t\t\t\t\t\t\t\tdata-frame_0=\"x:50px;tp:600;\"\n\t\t\t\t\t\t\t\tdata-frame_1=\"tp:600;st:1000;sp:750;\"\n\t\t\t\t\t\t\t\tdata-frame_999=\"o:0;tp:600;e:nothing;st:w;\"\n\t\t\t\t\t\t\t\tstyle=\"z-index:6;font-family:'';\"\n\t\t\t\t\t\t\t><a href='http:\/\/www.bogen-schlangenbad.de\/index.php\/alles-ueber-uns\/' class='tp-button btn'>Mehr Infos<\/a>\n\n \n\t\t\t\t\t\t\t<\/rs-layer><!--\n-->\t\t\t\t\t<\/rs-slide>\n\t\t\t\t\t\t<rs-slide style=\"position: absolute;\" data-key=\"rs-9\" data-title=\"Slide 1\" data-anim=\"adpr:false;\">\n\t\t\t\t\t\t\t<img decoding=\"async\" src=\"\/\/www.bogen-schlangenbad.de\/wp-content\/plugins\/revslider\/sr6\/assets\/assets\/dummy.png\" alt=\"\" title=\"\u00dcber uns\" class=\"rev-slidebg tp-rs-img rs-lazyload\" data-lazyload=\"\/\/www.bogen-schlangenbad.de\/wp-content\/uploads\/2016\/03\/bild3.jpg\" data-panzoom=\"d:9000;ss:100;se:125;\" data-no-retina>\n<!--\n\t\t\t\t\t\t\t--><rs-layer\n\t\t\t\t\t\t\t\tid=\"slider-1-slide-9-layer-1\" \n\t\t\t\t\t\t\t\tclass=\"Canon-Heading-1-2\"\n\t\t\t\t\t\t\t\tdata-type=\"text\"\n\t\t\t\t\t\t\t\tdata-color=\"rgba(255,255,255,1)\"\n\t\t\t\t\t\t\t\tdata-rsp_ch=\"on\"\n\t\t\t\t\t\t\t\tdata-xy=\"y:150px;\"\n\t\t\t\t\t\t\t\tdata-text=\"s:42;l:44;fw:700;\"\n\t\t\t\t\t\t\t\tdata-padding=\"t:12;r:12;b:12;l:12;\"\n\t\t\t\t\t\t\t\tdata-border=\"bor:2px,2px,2px,2px;\"\n\t\t\t\t\t\t\t\tdata-frame_0=\"x:50px;tp:600;\"\n\t\t\t\t\t\t\t\tdata-frame_1=\"tp:600;st:500;sp:750;\"\n\t\t\t\t\t\t\t\tdata-frame_999=\"o:0;tp:600;e:nothing;st:w;\"\n\t\t\t\t\t\t\t\tstyle=\"z-index:5;background-color:rgba(0,0,0,0.50);font-family:'Droid Serif';text-shadow:none;\"\n\t\t\t\t\t\t\t>Konzentration \n\t\t\t\t\t\t\t<\/rs-layer><!--\n-->\t\t\t\t\t<\/rs-slide>\n\t\t\t\t\t\t<rs-slide style=\"position: absolute;\" data-key=\"rs-11\" data-title=\"Slide 1\" data-anim=\"adpr:false;\">\n\t\t\t\t\t\t\t<img decoding=\"async\" src=\"\/\/www.bogen-schlangenbad.de\/wp-content\/plugins\/revslider\/sr6\/assets\/assets\/dummy.png\" alt=\"\" title=\"\u00dcber uns\" class=\"rev-slidebg tp-rs-img rs-lazyload\" data-lazyload=\"\/\/www.bogen-schlangenbad.de\/wp-content\/uploads\/2019\/10\/DSC_0360-Large.jpg\" data-panzoom=\"d:9000;ss:100;se:125;\" data-no-retina>\n<!--\n\t\t\t\t\t\t\t--><rs-layer\n\t\t\t\t\t\t\t\tid=\"slider-1-slide-11-layer-1\" \n\t\t\t\t\t\t\t\tclass=\"Canon-Heading-1-2\"\n\t\t\t\t\t\t\t\tdata-type=\"text\"\n\t\t\t\t\t\t\t\tdata-color=\"rgba(255,255,255,1)\"\n\t\t\t\t\t\t\t\tdata-rsp_ch=\"on\"\n\t\t\t\t\t\t\t\tdata-xy=\"y:150px;\"\n\t\t\t\t\t\t\t\tdata-text=\"s:42;l:44;fw:700;\"\n\t\t\t\t\t\t\t\tdata-padding=\"t:12;r:12;b:12;l:12;\"\n\t\t\t\t\t\t\t\tdata-border=\"bor:2px,2px,2px,2px;\"\n\t\t\t\t\t\t\t\tdata-frame_0=\"x:50px;tp:600;\"\n\t\t\t\t\t\t\t\tdata-frame_1=\"tp:600;st:500;sp:750;\"\n\t\t\t\t\t\t\t\tdata-frame_999=\"o:0;tp:600;e:nothing;st:w;\"\n\t\t\t\t\t\t\t\tstyle=\"z-index:5;background-color:rgba(0,0,0,0.50);font-family:'Droid Serif';text-shadow:none;\"\n\t\t\t\t\t\t\t>Wettkampf \n\t\t\t\t\t\t\t<\/rs-layer><!--\n-->\t\t\t\t\t<\/rs-slide>\n\t\t\t\t\t<\/rs-slides>\n\t\t\t\t<\/rs-module>\n\t\t\t\t<script>\n\t\t\t\t\tsetREVStartSize({c: 'rev_slider_1_1',rl:[1240,1024,778,480],el:[],gw:[1140],gh:[600],type:'standard',justify:'',layout:'fullwidth',mh:\"600\"});if (window.RS_MODULES!==undefined && window.RS_MODULES.modules!==undefined && window.RS_MODULES.modules[\"revslider11\"]!==undefined) {window.RS_MODULES.modules[\"revslider11\"].once = false;window.revapi1 = undefined;if (window.RS_MODULES.checkMinimal!==undefined) window.RS_MODULES.checkMinimal()}\n\t\t\t\t<\/script>\n\t\t\t<\/rs-module-wrap>\n\t\t\t<!-- END REVOLUTION SLIDER -->\n<\/div>\n\n\n<p>\u00a0<\/p>\n<h1>\u00dcber die Bogensportabteilung<\/h1>\n<p>Die Bogensportabteilung des TSV Schlangenbad-Georgenborn 1952 e.V. wurde 1973 als Abteilung in dem Turn- und Sportverein gegr\u00fcndet. Der Schwerpunkt der sportlichen Aktivit\u00e4t liegt auf dem Umgang mit dem olympischen Recurvebogen, dem Blankbogen und dem Compoundbogen. Aber auch der legend\u00e4re Langbogen, inzwischen als eigene Disziplin bei den Meisterschaften des Deutschen Sch\u00fctzenbundes zugelassen, ist vertreten.<\/p>\n<p>F\u00fcr den Bogensport haben wir eine Au\u00dfenanlage mit aktuell 13 Scheiben auf den relevanten Entfernungen. Ein gro\u00dfes Plus unseres Vereines ist die Turnhalle, die vom TSV zum Training verwendet werden kann. Auch im Sommer besteht die M\u00f6glichkeit bei einem Regen in die Halle ausweichen zu k\u00f6nnen.<\/p>\n<p>Seit Jahren unterst\u00fctzen wir den in Wiesbaden ans\u00e4ssigen Deutschen Sch\u00fctzenbund bei der Durchf\u00fchrung von Bogensport-Veranstaltungen in Wiesbaden. So sind Helfer von uns jedes Jahr bei dem Bundesligafinale\u00a0 in der Sporthalle am Platz der dt. Einheit dabei. Auch haben wir bei der Durchf\u00fchrung der Deutschen Meisterschaften im Bogen oder beim Europacup Finale der Parameisterschaften im Bogenschie\u00dfen unterst\u00fctzt.<\/p>\n<p>Wir f\u00fchren auch Kindergeburtstagen oder Firmenevents auf der Anlage des TSV durch&#8230;<\/p>\n<h1>Einige Impressionen<\/h1>\n<p><a class=\"dt-pswp-item\" href=\"http:\/\/www.bogen-schlangenbad.de\/wp-content\/uploads\/2016\/09\/DSC_0177.jpg\" data-dt-img-description=\"\" data-large_image_width=\"1624\" data-large_image_height=\"1080\"><img loading=\"lazy\" decoding=\"async\" class=\"alignnone size-large wp-image-1716\" src=\"http:\/\/www.bogen-schlangenbad.de\/wp-content\/uploads\/2016\/09\/DSC_0177-1024x681.jpg\" alt=\"\" width=\"1024\" height=\"681\" srcset=\"https:\/\/www.bogen-schlangenbad.de\/wp-content\/uploads\/2016\/09\/DSC_0177-1024x681.jpg 1024w, https:\/\/www.bogen-schlangenbad.de\/wp-content\/uploads\/2016\/09\/DSC_0177-300x200.jpg 300w, https:\/\/www.bogen-schlangenbad.de\/wp-content\/uploads\/2016\/09\/DSC_0177-768x511.jpg 768w, https:\/\/www.bogen-schlangenbad.de\/wp-content\/uploads\/2016\/09\/DSC_0177-1400x933.jpg 1400w, https:\/\/www.bogen-schlangenbad.de\/wp-content\/uploads\/2016\/09\/DSC_0177-900x600.jpg 900w, https:\/\/www.bogen-schlangenbad.de\/wp-content\/uploads\/2016\/09\/DSC_0177-212x140.jpg 212w, https:\/\/www.bogen-schlangenbad.de\/wp-content\/uploads\/2016\/09\/DSC_0177-1086x722.jpg 1086w, https:\/\/www.bogen-schlangenbad.de\/wp-content\/uploads\/2016\/09\/DSC_0177.jpg 1624w\" sizes=\"auto, (max-width: 1024px) 100vw, 1024px\" \/><\/a> <a class=\"dt-pswp-item\" href=\"http:\/\/www.bogen-schlangenbad.de\/wp-content\/uploads\/2019\/11\/IMG_2790.jpg\" data-dt-img-description=\"\" data-large_image_width=\"4032\" data-large_image_height=\"3024\"><img loading=\"lazy\" decoding=\"async\" class=\"alignnone size-large wp-image-2120\" src=\"http:\/\/www.bogen-schlangenbad.de\/wp-content\/uploads\/2019\/11\/IMG_2790-1024x768.jpg\" alt=\"\" width=\"1024\" height=\"768\" srcset=\"https:\/\/www.bogen-schlangenbad.de\/wp-content\/uploads\/2019\/11\/IMG_2790-1024x768.jpg 1024w, https:\/\/www.bogen-schlangenbad.de\/wp-content\/uploads\/2019\/11\/IMG_2790-300x225.jpg 300w, https:\/\/www.bogen-schlangenbad.de\/wp-content\/uploads\/2019\/11\/IMG_2790-768x576.jpg 768w\" sizes=\"auto, (max-width: 1024px) 100vw, 1024px\" \/><\/a> <a class=\"dt-pswp-item\" href=\"http:\/\/www.bogen-schlangenbad.de\/wp-content\/uploads\/2019\/11\/HSVLogo.jpg\" data-dt-img-description=\"\" data-large_image_width=\"225\" data-large_image_height=\"225\"><img loading=\"lazy\" decoding=\"async\" class=\"alignnone size-full wp-image-2220\" src=\"http:\/\/www.bogen-schlangenbad.de\/wp-content\/uploads\/2019\/11\/HSVLogo.jpg\" alt=\"\" width=\"225\" height=\"225\" srcset=\"https:\/\/www.bogen-schlangenbad.de\/wp-content\/uploads\/2019\/11\/HSVLogo.jpg 225w, https:\/\/www.bogen-schlangenbad.de\/wp-content\/uploads\/2019\/11\/HSVLogo-150x150.jpg 150w\" sizes=\"auto, (max-width: 225px) 100vw, 225px\" \/><\/a> <a class=\"dt-pswp-item\" href=\"http:\/\/www.bogen-schlangenbad.de\/wp-content\/uploads\/2019\/11\/IMG_0042.jpg\" data-dt-img-description=\"\" data-large_image_width=\"1200\" data-large_image_height=\"1600\"><img loading=\"lazy\" decoding=\"async\" class=\"alignnone size-large wp-image-2092\" src=\"http:\/\/www.bogen-schlangenbad.de\/wp-content\/uploads\/2019\/11\/IMG_0042-768x1024.jpg\" alt=\"\" width=\"768\" height=\"1024\" srcset=\"https:\/\/www.bogen-schlangenbad.de\/wp-content\/uploads\/2019\/11\/IMG_0042-768x1024.jpg 768w, https:\/\/www.bogen-schlangenbad.de\/wp-content\/uploads\/2019\/11\/IMG_0042-225x300.jpg 225w, https:\/\/www.bogen-schlangenbad.de\/wp-content\/uploads\/2019\/11\/IMG_0042.jpg 1200w\" sizes=\"auto, (max-width: 768px) 100vw, 768px\" \/><\/a><\/p>","protected":false},"excerpt":{"rendered":"<p>\u00a0 \u00dcber die Bogensportabteilung Die Bogensportabteilung des TSV Schlangenbad-Georgenborn 1952 e.V. wurde 1973 als Abteilung in dem Turn- und Sportverein gegr\u00fcndet. Der Schwerpunkt der sportlichen Aktivit\u00e4t liegt auf dem Umgang mit dem olympischen Recurvebogen, dem Blankbogen und dem Compoundbogen. Aber auch der legend\u00e4re Langbogen, inzwischen als eigene Disziplin bei den Meisterschaften des Deutschen Sch\u00fctzenbundes zugelassen,&hellip;<\/p>\n","protected":false},"author":2,"featured_media":0,"parent":0,"menu_order":0,"comment_status":"closed","ping_status":"open","template":"","meta":{"footnotes":""},"class_list":["post-32","page","type-page","status-publish","hentry","description-off"],"_links":{"self":[{"href":"https:\/\/www.bogen-schlangenbad.de\/index.php\/wp-json\/wp\/v2\/pages\/32","targetHints":{"allow":["GET"]}}],"collection":[{"href":"https:\/\/www.bogen-schlangenbad.de\/index.php\/wp-json\/wp\/v2\/pages"}],"about":[{"href":"https:\/\/www.bogen-schlangenbad.de\/index.php\/wp-json\/wp\/v2\/types\/page"}],"author":[{"embeddable":true,"href":"https:\/\/www.bogen-schlangenbad.de\/index.php\/wp-json\/wp\/v2\/users\/2"}],"replies":[{"embeddable":true,"href":"https:\/\/www.bogen-schlangenbad.de\/index.php\/wp-json\/wp\/v2\/comments?post=32"}],"version-history":[{"count":18,"href":"https:\/\/www.bogen-schlangenbad.de\/index.php\/wp-json\/wp\/v2\/pages\/32\/revisions"}],"predecessor-version":[{"id":2555,"href":"https:\/\/www.bogen-schlangenbad.de\/index.php\/wp-json\/wp\/v2\/pages\/32\/revisions\/2555"}],"wp:attachment":[{"href":"https:\/\/www.bogen-schlangenbad.de\/index.php\/wp-json\/wp\/v2\/media?parent=32"}],"curies":[{"name":"wp","href":"https:\/\/api.w.org\/{rel}","templated":true}]}}